{"id":84,"date":"2018-03-24T10:50:03","date_gmt":"2018-03-24T10:50:03","guid":{"rendered":"http:\/\/neuwordpress.tinabayer.de\/?page_id=84"},"modified":"2022-11-19T13:06:48","modified_gmt":"2022-11-19T13:06:48","slug":"wie-ich-arbeite","status":"publish","type":"page","link":"http:\/\/tinabayer.de\/?page_id=84","title":{"rendered":"Systemisches Coaching"},"content":{"rendered":"<p><img decoding=\"async\" loading=\"lazy\" class=\"wp-image-251 aligncenter\" src=\"http:\/\/neuwordpress.tinabayer.de\/wp-content\/uploads\/2018\/04\/Familienbrett-schmal.jpg\" alt=\"\" width=\"550\" height=\"298\" srcset=\"http:\/\/tinabayer.de\/wp-content\/uploads\/2018\/04\/Familienbrett-schmal.jpg 1024w, http:\/\/tinabayer.de\/wp-content\/uploads\/2018\/04\/Familienbrett-schmal-300x163.jpg 300w, http:\/\/tinabayer.de\/wp-content\/uploads\/2018\/04\/Familienbrett-schmal-768x416.jpg 768w\" sizes=\"(max-width: 550px) 100vw, 550px\" \/><\/p>\n<p><span style=\"color: #0000ff;\"><strong>Systemisches Coaching<\/strong><\/span><\/p>\n<p>Jede Krise bietet immer auch die Chance, zu wachsen und neue Perspektiven zu entwickeln.<\/p>\n<p>Ziel des systemischen Arbeitens ist eine Erweiterung der Wahrnehmungs- und Handlungsm\u00f6glichkeiten des\/der Einzelnen und des Gesamtsystems.<\/p>\n<p>Dabei wird der Mensch nicht isoliert und Probleme oder Krisen nicht nur als Eigenschaften des Einzelnen gesehen, sondern im Zusammenhang mit bedeutsamen Kommunikations- und Beziehungsprozessen betrachtet. Um Ver\u00e4nderungen herbeizuf\u00fchren, ist es daher wichtig, das gesamte System (Organisation, Team, Familie etc.) mit zu ber\u00fccksichtigen.<\/p>\n<p><span style=\"color: #0000ff;\"><strong>Wie ich arbeite<\/strong><\/span><\/p>\n<p>Ich gehe davon aus, dass jeder Mensch die F\u00e4higkeit zur L\u00f6sung seiner Probleme in sich tr\u00e4gt \u2013 manchmal gelingt es allerdings nicht, diesen l\u00f6sungsorientierten Weg gleich zu sehen.<\/p>\n<p>Mein Anliegen ist es, Sie darin zu unterst\u00fctzen, Ihre Ressourcen zur Probleml\u00f6sung (wieder) zu entdecken und zu aktivieren, um f\u00fcr Sie individuell passende L\u00f6sungen zu finden.\u00a0 Dabei wende ich verschiedene Methoden und Tools an, um Ihre Selbstreflexion zu f\u00f6rdern und Sie in Ihrem pers\u00f6nlichen Wachstum zu unterst\u00fctzen.<\/p>\n<p><span style=\"color: #0000ff;\"><strong>Konditionen<\/strong><\/span><\/p>\n<p>Oft ist der erste Schritt, fremde Hilfe in Anspruch zu nehmen, mit \u00c4ngsten und vielen Fragen verbunden. Erfolgreiches Arbeiten erfordert zudem Vertrauen, das auf einer \u201epassenden\u201c Beziehung zwischen Klient*in und Berater*in basiert.<\/p>\n<p>Darum biete ich Ihnen an, mich und meine Arbeitsweise zun\u00e4chst in einem ersten unverbindlichen und kostenfreien Erstgespr\u00e4ch kennen zu lernen.<\/p>\n<p><span style=\"color: #0000ff;\"><strong>Kontakt<\/strong><\/span><\/p>\n<p>Sie f\u00fchlen sich angesprochen? Bitte kontaktieren Sie mich telefonisch oder per E-Mail, um einen Termin f\u00fcr ein gegenseitiges, kostenfreies Kennenlernen zu vereinbaren.<\/p>\n<p><strong>Tina Bayer<\/strong><\/p>\n<p><strong>Mobil:<\/strong>\u00a00175\/3642043<br \/>\n<strong>E-Mail<\/strong>: <a href=\"mailto:info@tinabayer.de\">info@tinabayer.de<\/a><\/p>\n","protected":false},"excerpt":{"rendered":"<p>Systemisches Coaching Jede Krise bietet immer auch die Chance, zu wachsen und neue Perspektiven zu entwickeln. Ziel des systemischen Arbeitens ist eine Erweiterung der Wahrnehmungs- und Handlungsm\u00f6glichkeiten des\/der Einzelnen und des Gesamtsystems. Dabei wird der Mensch nicht isoliert und Probleme <span class=\"readmore\"><a href=\"http:\/\/tinabayer.de\/?page_id=84\">Continue Reading &#8230;<\/a><\/span><\/p>\n","protected":false},"author":1,"featured_media":0,"parent":0,"menu_order":0,"comment_status":"closed","ping_status":"closed","template":"","meta":[],"_links":{"self":[{"href":"http:\/\/tinabayer.de\/index.php?rest_route=\/wp\/v2\/pages\/84"}],"collection":[{"href":"http:\/\/tinabayer.de\/index.php?rest_route=\/wp\/v2\/pages"}],"about":[{"href":"http:\/\/tinabayer.de\/index.php?rest_route=\/wp\/v2\/types\/page"}],"author":[{"embeddable":true,"href":"http:\/\/tinabayer.de\/index.php?rest_route=\/wp\/v2\/users\/1"}],"replies":[{"embeddable":true,"href":"http:\/\/tinabayer.de\/index.php?rest_route=%2Fwp%2Fv2%2Fcomments&post=84"}],"version-history":[{"count":14,"href":"http:\/\/tinabayer.de\/index.php?rest_route=\/wp\/v2\/pages\/84\/revisions"}],"predecessor-version":[{"id":281,"href":"http:\/\/tinabayer.de\/index.php?rest_route=\/wp\/v2\/pages\/84\/revisions\/281"}],"wp:attachment":[{"href":"http:\/\/tinabayer.de\/index.php?rest_route=%2Fwp%2Fv2%2Fmedia&parent=84"}],"curies":[{"name":"wp","href":"https:\/\/api.w.org\/{rel}","templated":true}]}}