{"id":74,"date":"2018-03-24T10:45:59","date_gmt":"2018-03-24T10:45:59","guid":{"rendered":"http:\/\/neuwordpress.tinabayer.de\/?page_id=74"},"modified":"2022-11-19T13:11:38","modified_gmt":"2022-11-19T13:11:38","slug":"ueber-mich","status":"publish","type":"page","link":"http:\/\/tinabayer.de\/?page_id=74","title":{"rendered":"\u00dcber mich"},"content":{"rendered":"<p><img decoding=\"async\" loading=\"lazy\" class=\"wp-image-108 aligncenter\" src=\"http:\/\/neuwordpress.tinabayer.de\/wp-content\/uploads\/2018\/03\/Bayer-Tina_0605-72dpi-300x214.jpg\" alt=\"\" width=\"385\" height=\"275\" srcset=\"http:\/\/tinabayer.de\/wp-content\/uploads\/2018\/03\/Bayer-Tina_0605-72dpi-300x214.jpg 300w, http:\/\/tinabayer.de\/wp-content\/uploads\/2018\/03\/Bayer-Tina_0605-72dpi-768x548.jpg 768w, http:\/\/tinabayer.de\/wp-content\/uploads\/2018\/03\/Bayer-Tina_0605-72dpi-1024x731.jpg 1024w, http:\/\/tinabayer.de\/wp-content\/uploads\/2018\/03\/Bayer-Tina_0605-72dpi-700x500.jpg 700w, http:\/\/tinabayer.de\/wp-content\/uploads\/2018\/03\/Bayer-Tina_0605-72dpi-560x400.jpg 560w, http:\/\/tinabayer.de\/wp-content\/uploads\/2018\/03\/Bayer-Tina_0605-72dpi.jpg 1102w\" sizes=\"(max-width: 385px) 100vw, 385px\" \/><\/p>\n<p>Seit \u00fcber 20 Jahren begleite ich Einzelpersonen und Teams in Workshops und Coachings in verschiedenen Branchen zu unterschiedlichen Themen.<\/p>\n<p>Durch meinen Abschluss als Schulpsychologin und Lehrerin, meine langj\u00e4hrige Erfahrung in Didaktik und Hochschullehre, meine Beratungst\u00e4tigkeit als psychologische Fachkraft bei der Bildungsberatung sowie durch meine regelm\u00e4\u00dfigen Weiterbildungen kann ich auf ein breitgef\u00e4chertes und fundiertes Wissen zur\u00fcckgreifen.<\/p>\n<p><span style=\"color: #0000ff;\"><strong>Auswahl an Qualifikationen und Weiterbildungen<\/strong><\/span><\/p>\n<ul>\n<li>Studium der Psychologie mit schulpsychologischem Schwerpunkt (Staatlich gepr\u00fcfte Schulpsychologin mit 1. und 2. Staatsexamen)<\/li>\n<li>Ausbildung in&nbsp;<strong>systemischer Supervision<\/strong>&nbsp;(IFW, Institut f\u00fcr Fort- und Weiterbildung)<\/li>\n<li>Ausbildung in&nbsp;<strong>systemischer Individual-, Paar- und Familientherapie<\/strong>&nbsp;(IFW, Institut f\u00fcr Fort- und Weiterbildung, DGSF zertifiziert)<\/li>\n<li>Ausbildung in&nbsp;<strong>Klientzentrierter Gespr\u00e4chsberatung&nbsp;<\/strong>(GwG, Gesellschaft f\u00fcr wissenschaftliche Gespr\u00e4chstherapie)<\/li>\n<li>Ausbildung zum&nbsp;<strong>Fachberater\/Fachtherapeut f\u00fcr tiergest\u00fctzte Therapie, P\u00e4dagogik &amp; F\u00f6rderung<\/strong>&nbsp;(symbiosys M\u00fcnchen)<\/li>\n<li>Ausbildung zum&nbsp;<strong>Stressmanagementtrainer<\/strong>&nbsp;(anerkannt im Rahmen der Prim\u00e4rpr\u00e4vention nach \u00a7 20 S GB V (vorbeugende Ma\u00dfnahmen zur&nbsp;Verhinderung von Erkrankungen))<\/li>\n<li>Zweij\u00e4hrige <strong>Trainerausbildung in der Erwachsenenbildung<\/strong><\/li>\n<li><strong>Masterdozenten-Ausbildung<\/strong>&nbsp;am Zentrum f\u00fcr Hochschuldidaktik in Ingolstadt<\/li>\n<li><strong>Kompetenzenbilanz-Coach <\/strong>(PerformPartner Prof. Dr. Claas Triebel)<\/li>\n<\/ul>\n<p>Durch regelm\u00e4\u00dfige Fortbildungen erweitere ich meine Kompetenzen st\u00e4ndig und bleibe auf dem neuesten Stand.<\/p>\n","protected":false},"excerpt":{"rendered":"<p>Seit \u00fcber 20 Jahren begleite ich Einzelpersonen und Teams in Workshops und Coachings in verschiedenen Branchen zu unterschiedlichen Themen. Durch meinen Abschluss als Schulpsychologin und Lehrerin, meine langj\u00e4hrige Erfahrung in Didaktik und Hochschullehre, meine Beratungst\u00e4tigkeit als psychologische Fachkraft bei der <span class=\"readmore\"><a href=\"http:\/\/tinabayer.de\/?page_id=74\">Continue Reading &#8230;<\/a><\/span><\/p>\n","protected":false},"author":1,"featured_media":108,"parent":0,"menu_order":0,"comment_status":"closed","ping_status":"closed","template":"","meta":[],"_links":{"self":[{"href":"http:\/\/tinabayer.de\/index.php?rest_route=\/wp\/v2\/pages\/74"}],"collection":[{"href":"http:\/\/tinabayer.de\/index.php?rest_route=\/wp\/v2\/pages"}],"about":[{"href":"http:\/\/tinabayer.de\/index.php?rest_route=\/wp\/v2\/types\/page"}],"author":[{"embeddable":true,"href":"http:\/\/tinabayer.de\/index.php?rest_route=\/wp\/v2\/users\/1"}],"replies":[{"embeddable":true,"href":"http:\/\/tinabayer.de\/index.php?rest_route=%2Fwp%2Fv2%2Fcomments&post=74"}],"version-history":[{"count":17,"href":"http:\/\/tinabayer.de\/index.php?rest_route=\/wp\/v2\/pages\/74\/revisions"}],"predecessor-version":[{"id":301,"href":"http:\/\/tinabayer.de\/index.php?rest_route=\/wp\/v2\/pages\/74\/revisions\/301"}],"wp:featuredmedia":[{"embeddable":true,"href":"http:\/\/tinabayer.de\/index.php?rest_route=\/wp\/v2\/media\/108"}],"wp:attachment":[{"href":"http:\/\/tinabayer.de\/index.php?rest_route=%2Fwp%2Fv2%2Fmedia&parent=74"}],"curies":[{"name":"wp","href":"https:\/\/api.w.org\/{rel}","templated":true}]}}