{"id":57,"date":"2018-03-22T19:58:24","date_gmt":"2018-03-22T19:58:24","guid":{"rendered":"http:\/\/neuwordpress.tinabayer.de\/?page_id=57"},"modified":"2022-11-19T12:59:24","modified_gmt":"2022-11-19T12:59:24","slug":"front-page","status":"publish","type":"page","link":"http:\/\/tinabayer.de\/","title":{"rendered":"Herzlich willkommen"},"content":{"rendered":"\n<h3 class=\"has-text-align-center\"><span style=\"color: #0000ff;\"><strong><em>&#8222;<\/em><\/strong><strong>Wir m\u00fcssen immer wieder das Gespr\u00e4ch<br><\/strong><\/span><span style=\"color: #0000ff;\"><strong>mit unserem N\u00e4chsten suchen.<br><\/strong><\/span><span style=\"color: #0000ff;\"><strong>Das Gespr\u00e4ch ist die einzige Br\u00fccke zwischen den Menschen.&#8220;<\/strong><\/span><\/h3>\n\n\n\n<p class=\"has-text-align-center\"><em>Albert Camus, franz\u00f6sischer Schriftsteller, 1913 &#8211; 1960<\/em><\/p>\n\n\n\n<p><\/p>\n\n\n\n<p><\/p>\n\n\n\n<div class=\"is-layout-flow wp-block-group\"><div class=\"wp-block-group__inner-container\"><\/div><\/div>\n\n\n\n<p>Als Trainerin in der Erwachsenenbildung, systemischer Coach und Supervisorin konzipiere und halte&nbsp;ich Workshops f\u00fcr Profit und Non-Profit Organisationen zu verschiedenen Themen. <\/p>\n\n\n\n<p>Des Weiteren biete ich systemisches Coaching sowie Supervisionen an.<\/p>\n\n\n\n<p>Ich lade Sie ein, mich und meine Arbeitsweise auf den folgenden Seiten n\u00e4her kennen zu lernen.<\/p>\n","protected":false},"excerpt":{"rendered":"<p>&#8222;Wir m\u00fcssen immer wieder das Gespr\u00e4chmit unserem N\u00e4chsten suchen.Das Gespr\u00e4ch ist die einzige Br\u00fccke zwischen den Menschen.&#8220; Albert Camus, franz\u00f6sischer Schriftsteller, 1913 &#8211; 1960 Als Trainerin in der Erwachsenenbildung, systemischer Coach und Supervisorin konzipiere und halte&nbsp;ich Workshops f\u00fcr Profit und <span class=\"readmore\"><a href=\"http:\/\/tinabayer.de\/\">Continue Reading &#8230;<\/a><\/span><\/p>\n","protected":false},"author":1,"featured_media":268,"parent":0,"menu_order":0,"comment_status":"closed","ping_status":"closed","template":"","meta":[],"_links":{"self":[{"href":"http:\/\/tinabayer.de\/index.php?rest_route=\/wp\/v2\/pages\/57"}],"collection":[{"href":"http:\/\/tinabayer.de\/index.php?rest_route=\/wp\/v2\/pages"}],"about":[{"href":"http:\/\/tinabayer.de\/index.php?rest_route=\/wp\/v2\/types\/page"}],"author":[{"embeddable":true,"href":"http:\/\/tinabayer.de\/index.php?rest_route=\/wp\/v2\/users\/1"}],"replies":[{"embeddable":true,"href":"http:\/\/tinabayer.de\/index.php?rest_route=%2Fwp%2Fv2%2Fcomments&post=57"}],"version-history":[{"count":16,"href":"http:\/\/tinabayer.de\/index.php?rest_route=\/wp\/v2\/pages\/57\/revisions"}],"predecessor-version":[{"id":297,"href":"http:\/\/tinabayer.de\/index.php?rest_route=\/wp\/v2\/pages\/57\/revisions\/297"}],"wp:featuredmedia":[{"embeddable":true,"href":"http:\/\/tinabayer.de\/index.php?rest_route=\/wp\/v2\/media\/268"}],"wp:attachment":[{"href":"http:\/\/tinabayer.de\/index.php?rest_route=%2Fwp%2Fv2%2Fmedia&parent=57"}],"curies":[{"name":"wp","href":"https:\/\/api.w.org\/{rel}","templated":true}]}}