{"id":103,"date":"2018-03-27T20:09:10","date_gmt":"2018-03-27T20:09:10","guid":{"rendered":"http:\/\/neuwordpress.tinabayer.de\/?page_id=103"},"modified":"2018-04-02T16:38:22","modified_gmt":"2018-04-02T16:38:22","slug":"impressung-haftungsausschluss","status":"publish","type":"page","link":"http:\/\/tinabayer.de\/?page_id=103","title":{"rendered":"Impressum \/ Datenschutz \/ Haftungsausschluss"},"content":{"rendered":"<p><img decoding=\"async\" loading=\"lazy\" class=\"alignnone wp-image-241 aligncenter\" src=\"http:\/\/neuwordpress.tinabayer.de\/wp-content\/uploads\/2018\/03\/Paragraph-I-300x183.jpg\" alt=\"\" width=\"406\" height=\"248\" srcset=\"http:\/\/tinabayer.de\/wp-content\/uploads\/2018\/03\/Paragraph-I-300x183.jpg 300w, http:\/\/tinabayer.de\/wp-content\/uploads\/2018\/03\/Paragraph-I-768x469.jpg 768w, http:\/\/tinabayer.de\/wp-content\/uploads\/2018\/03\/Paragraph-I-1024x625.jpg 1024w\" sizes=\"(max-width: 406px) 100vw, 406px\" \/><\/p>\n<p>&nbsp;<\/p>\n<p>&nbsp;<\/p>\n<p><span style=\"color: #0000ff;\"><strong>Impressum:<\/strong><\/span><\/p>\n<p><strong>Verantwortlich f\u00fcr den Inhalt dieser Webseite gem. \u00a7 5 TMG:<\/strong><\/p>\n<p>Tina Bayer<br \/>\nB\u00e4ckergasse 5<br \/>\n85658 Egmating<br \/>\nTelefon: 0049 175-3642043<br \/>\n<a href=\"mailto:info@tinabayer.de\">info@tinabayer.de<br \/>\n<\/a><a href=\"http:\/\/www.tinabayer.de\/\">www.tinabayer.de<br \/>\n<\/a><\/p>\n<p><strong><span style=\"color: #0000ff;\">Datenschutz\/Haftungsausschluss (Disclaimer):<\/span><br \/>\n<\/strong><br \/>\n<strong>1. Inhalt des Onlineangebotes<br \/>\n<\/strong>Die Autorin hat als Diensteanbieterin gem. TMG die Inhalte dieser Seiten mit gr\u00f6\u00dfter Sorgfalt erstellt. Es kann dennoch keinerlei Gew\u00e4hr f\u00fcr die Aktualit\u00e4t, Korrektheit, Vollst\u00e4ndigkeit oder Qualit\u00e4t der bereitgestellten Informationen \u00fcbernommen werden. Gem. \u00a7 7 TMG sind Diensteanbieter im Sinne der \u00a7\u00a7 8 bis 10 TMG nicht verpflichtet, die von ihnen \u00fcbermittelten oder gespeicherten Informationen zu \u00fcberwachen oder nach Umst\u00e4nden zu forschen, die auf eine rechtswidrige T\u00e4tigkeit hinweisen. Verpflichtungen zur Entfernung oder Sperrung der Nutzung von Informationen nach den allgemeinen Gesetzen bleiben auch im Falle der Nichtverantwortlichkeit der Diensteanbieterin nach den \u00a7\u00a7 8 bis 10 TMG unber\u00fchrt. Das Fernmeldegeheimnis nach \u00a7 88 des Telekommunikationsgesetzes wird gewahrt.<br \/>\nHaftungsanspr\u00fcche gegen die Autorin, welche sich auf Sch\u00e4den materieller oder ideeller Art beziehen, die durch die Nutzung oder Nichtnutzung der dargebotenen Informationen bzw. durch die Nutzung fehlerhafter und unvollst\u00e4ndiger Informationen verursacht wurden, sind grunds\u00e4tzlich ausgeschlossen, sofern seitens der Autorin kein nachweislich vors\u00e4tzliches oder grob fahrl\u00e4ssiges Verschulden vorliegt.<br \/>\nAlle Angebote sind freibleibend und unverbindlich. Die Autorin beh\u00e4lt es sich ausdr\u00fccklich vor, Teile der Seiten oder das gesamte Angebot ohne gesonderte Ank\u00fcndigung zu ver\u00e4ndern, zu erg\u00e4nzen, zu l\u00f6schen oder die Ver\u00f6ffentlichung zeitweise oder endg\u00fcltig einzustellen.<\/p>\n<p><strong>2. Verweise und Links <\/strong><br \/>\nDie Autorin erkl\u00e4rt hiermit ausdr\u00fccklich, dass zum Zeitpunkt der Linksetzung keine illegalen Inhalte auf den zu verlinkenden Seiten erkennbar waren. Auf die aktuelle und zuk\u00fcnftige Gestaltung, die Inhalte oder die Urheberschaft der verlinkten\/verkn\u00fcpften Seiten hat die Autorin keinerlei Einfluss. Deshalb distanziert sie sich hiermit ausdr\u00fccklich von allen Inhalten aller verlinkten\/verkn\u00fcpften Seiten, die nach der Linksetzung ver\u00e4ndert wurden. Diese Feststellung gilt f\u00fcr alle innerhalb des eigenen Internetangebotes gesetzten Links und Verweise sowie f\u00fcr Fremdeintr\u00e4ge in von der Autorin ggf. eingerichteten G\u00e4steb\u00fcchern, Diskussionsforen, Linkverzeichnissen, Mailinglisten und in allen anderen Formen von Datenbanken, auf deren Inhalt externe Schreibzugriffe m\u00f6glich sind. F\u00fcr illegale, fehlerhafte oder unvollst\u00e4ndige Inhalte und insbesondere f\u00fcr Sch\u00e4den, die aus der Nutzung oder Nichtnutzung solcherart dargebotener Informationen entstehen, haftet allein der Anbieter der Seite, auf welche verwiesen wurde, nicht derjenige, der \u00fcber Links auf die jeweilige Ver\u00f6ffentlichung lediglich verweist.<\/p>\n<p><strong>3. Urheber- und Kennzeichenrecht<br \/>\n<\/strong>Die auf diesen Seiten erstellten Inhalte, Texte, Bilder und sonstigen Medien sind Eigentum der Autorin im Sinne des deutschen Urheberrechts. Das Kopieren, Bearbeiten, Verbreiten, und jede Art der Verwertung auch au\u00dferhalb der Grenzen des Urheberrechtes bed\u00fcrfen der vorherigen schriftlichen Zustimmung der f\u00fcr diese Seite verantwortlichen Autorin. Soweit die Inhalte auf dieser Seite nicht vom Betreiber erstellt wurden, werden die Urheberrechte Dritter beachtet.<br \/>\nDie Autorin ist bestrebt, in allen nicht von ihr erstellten Publikationen die Urheberrechte der verwendeten Grafiken, Tondokumente, Videosequenzen und Texte zu beachten, von ihr selbst erstellte Grafiken, Tondokumente, Videosequenzen und Texte zu nutzen oder auf lizenzfreie Grafiken, Tondokumente, Videosequenzen und Texte zur\u00fcckzugreifen. Alle innerhalb des Internetangebotes genannten und ggf. durch Dritte gesch\u00fctzten Marken- und Warenzeichen unterliegen uneingeschr\u00e4nkt den Bestimmungen des jeweils g\u00fcltigen Kennzeichenrechts und den Besitzrechten der jeweiligen eingetragenen Eigent\u00fcmer. Allein aufgrund der blo\u00dfen Nennung ist nicht der Schluss zu ziehen, dass Markenzeichen nicht durch Rechte Dritter gesch\u00fctzt sind!<\/p>\n<p><strong>4. Datenschutz<br \/>\n<\/strong>Sofern innerhalb des Internetangebotes die M\u00f6glichkeit zur Eingabe pers\u00f6nlicher oder gesch\u00e4ftlicher Daten (Emailadressen, Namen, Anschriften) besteht, so erfolgt die Preisgabe dieser Daten seitens des Nutzers auf ausdr\u00fccklich freiwilliger Basis. Die Nutzung der im Rahmen des Impressums oder vergleichbarer Angaben ver\u00f6ffentlichten Kontaktdaten wie Postanschriften, Telefon- und Faxnummern sowie Emailadressen durch Dritte zur \u00dcbersendung von nicht ausdr\u00fccklich angeforderten Informationen ist nicht gestattet. Rechtliche Schritte gegen die Versender von sogenannten Spam-Mails bei Verst\u00f6\u00dfen gegen dieses Verbot sind ausdr\u00fccklich vorbehalten.<\/p>\n<p><strong>5. Rechtswirksamkeit dieses Haftungsausschlusses<br \/>\n<\/strong>Dieser Haftungsausschluss ist als Teil des Internetangebotes zu betrachten, von dem aus auf diese Seite verwiesen wurde. Sofern Teile oder einzelne Formulierungen dieses Textes der geltenden Rechtslage nicht, nicht mehr oder nicht vollst\u00e4ndig entsprechen sollten, bleiben die \u00fcbrigen Teile des Dokumentes in ihrem Inhalt und ihrer G\u00fcltigkeit davon unber\u00fchrt.<\/p>\n<p>&nbsp;<\/p>\n","protected":false},"excerpt":{"rendered":"<p>&nbsp; &nbsp; Impressum: Verantwortlich f\u00fcr den Inhalt dieser Webseite gem. \u00a7 5 TMG: Tina Bayer B\u00e4ckergasse 5 85658 Egmating Telefon: 0049 175-3642043 info@tinabayer.de www.tinabayer.de Datenschutz\/Haftungsausschluss (Disclaimer): 1. Inhalt des Onlineangebotes Die Autorin hat als Diensteanbieterin gem. TMG die Inhalte dieser <span class=\"readmore\"><a href=\"http:\/\/tinabayer.de\/?page_id=103\">Continue Reading &#8230;<\/a><\/span><\/p>\n","protected":false},"author":1,"featured_media":0,"parent":0,"menu_order":0,"comment_status":"closed","ping_status":"closed","template":"","meta":[],"_links":{"self":[{"href":"http:\/\/tinabayer.de\/index.php?rest_route=\/wp\/v2\/pages\/103"}],"collection":[{"href":"http:\/\/tinabayer.de\/index.php?rest_route=\/wp\/v2\/pages"}],"about":[{"href":"http:\/\/tinabayer.de\/index.php?rest_route=\/wp\/v2\/types\/page"}],"author":[{"embeddable":true,"href":"http:\/\/tinabayer.de\/index.php?rest_route=\/wp\/v2\/users\/1"}],"replies":[{"embeddable":true,"href":"http:\/\/tinabayer.de\/index.php?rest_route=%2Fwp%2Fv2%2Fcomments&post=103"}],"version-history":[{"count":8,"href":"http:\/\/tinabayer.de\/index.php?rest_route=\/wp\/v2\/pages\/103\/revisions"}],"predecessor-version":[{"id":263,"href":"http:\/\/tinabayer.de\/index.php?rest_route=\/wp\/v2\/pages\/103\/revisions\/263"}],"wp:attachment":[{"href":"http:\/\/tinabayer.de\/index.php?rest_route=%2Fwp%2Fv2%2Fmedia&parent=103"}],"curies":[{"name":"wp","href":"https:\/\/api.w.org\/{rel}","templated":true}]}}